{"id":497,"date":"2021-04-23T15:18:20","date_gmt":"2021-04-23T13:18:20","guid":{"rendered":"https:\/\/lafabricationnumerique.fr\/?page_id=497"},"modified":"2022-08-16T15:30:53","modified_gmt":"2022-08-16T13:30:53","slug":"fabnum-occitanie","status":"publish","type":"page","link":"https:\/\/lafabricationnumerique.fr\/index.php\/fabnum-occitanie\/","title":{"rendered":"FabNum occitanie"},"content":{"rendered":"\n<div id=\"wp-block-themeisle-blocks-advanced-columns-79184808\" class=\"wp-block-themeisle-blocks-advanced-columns alignfull has-1-columns has-desktop-equal-layout has-tablet-equal-layout has-mobile-equal-layout has-vertical-center\"><div class=\"wp-block-themeisle-blocks-advanced-columns-overlay\"><\/div><div class=\"innerblocks-wrap\">\n<div id=\"wp-block-themeisle-blocks-advanced-column-61b1be0c\" class=\"wp-block-themeisle-blocks-advanced-column ticss-9827f589\">\n<h2 class=\"has-text-align-center has-white-color has-text-color wp-block-heading\">Formation hybride <\/h2>\n\n\n\n<h1 class=\"has-text-align-center has-white-color has-text-color wp-block-heading\">\u00e0 la fabrication num\u00e9rique et au prototypage rapide<\/h1>\n\n\n\n<h2 class=\"has-text-align-center has-white-color has-text-color wp-block-heading\">en r\u00e9gion occitanie<\/h2>\n\n\n\n<div id=\"wp-block-themeisle-blocks-button-group-119e8d13\" class=\"wp-block-themeisle-blocks-button-group wp-block-buttons align-center\">\n<div id=\"wp-block-themeisle-blocks-button-b7743564\" class=\"wp-block-themeisle-blocks-button wp-block-button is-style-fill\"><a href=\"#wp-block-themeisle-blocks-advanced-columns-ffddc8ac\" target=\"_self\" rel=\"noopener noreferrer\" class=\"wp-block-button__link\"><i class=\"fab fa-fw fa-wpforms margin-right\"><\/i><span>Candidater<\/span><\/a><\/div>\n<\/div>\n<\/div>\n<\/div><\/div>\n\n\n\n<div id=\"wp-block-themeisle-blocks-advanced-columns-dd20e019\" class=\"wp-block-themeisle-blocks-advanced-columns alignfull has-3-columns has-desktop-equal-layout has-tablet-equal-layout has-mobile-collapsedRows-layout has-vertical-flex-start\"><div class=\"wp-block-themeisle-blocks-advanced-columns-overlay\"><\/div><div class=\"innerblocks-wrap\">\n<div id=\"wp-block-themeisle-blocks-advanced-column-10d67b06\" class=\"wp-block-themeisle-blocks-advanced-column\">\n<div class=\"wp-block-themeisle-blocks-service\">\n<p class=\"wp-block-themeisle-blocks-font-awesome-icons\" id=\"wp-block-themeisle-blocks-font-awesome-icons-1a3229f0\"><span class=\"wp-block-themeisle-blocks-font-awesome-icons-container\"><i class=\"fas fa-hands-helping\"><\/i><\/span><\/p>\n\n\n\n<h3 id=\"wp-block-themeisle-blocks-advanced-heading-cef5f13a\" class=\"wp-block-themeisle-blocks-advanced-heading wp-block-themeisle-blocks-advanced-heading-cef5f13a\">ACCESSIBLE A TOUS<\/h3>\n\n\n\n<p id=\"wp-block-themeisle-blocks-advanced-heading-c64b3ef4\" class=\"wp-block-themeisle-blocks-advanced-heading wp-block-themeisle-blocks-advanced-heading-c64b3ef4\">Pas de pr\u00e9requis technique, le cours est con\u00e7u pour toute personne \u00e0 l&rsquo;aise avec un ordinateur et curieux de progresser sur la conception num\u00e9rique<\/p>\n<\/div>\n<\/div>\n\n\n\n<div id=\"wp-block-themeisle-blocks-advanced-column-d814d690\" class=\"wp-block-themeisle-blocks-advanced-column\">\n<div class=\"wp-block-themeisle-blocks-service\">\n<p class=\"wp-block-themeisle-blocks-font-awesome-icons\" id=\"wp-block-themeisle-blocks-font-awesome-icons-20ee6815\"><span class=\"wp-block-themeisle-blocks-font-awesome-icons-container\"><i class=\"fas fa-file-video\"><\/i><\/span><\/p>\n\n\n\n<h3 id=\"wp-block-themeisle-blocks-advanced-heading-c655a149\" class=\"wp-block-themeisle-blocks-advanced-heading wp-block-themeisle-blocks-advanced-heading-c655a149\">Formation hybride<\/h3>\n\n\n\n<p id=\"wp-block-themeisle-blocks-advanced-heading-afc5a8c8\" class=\"wp-block-themeisle-blocks-advanced-heading wp-block-themeisle-blocks-advanced-heading-afc5a8c8\">Avec des cours en ligne, con\u00e7us et r\u00e9alis\u00e9s par l&rsquo;IMT, des ing\u00e9nieurs-makers et des FabManagers.<\/p>\n<\/div>\n<\/div>\n\n\n\n<div id=\"wp-block-themeisle-blocks-advanced-column-d19f9630\" class=\"wp-block-themeisle-blocks-advanced-column\">\n<div class=\"wp-block-themeisle-blocks-service\">\n<p class=\"wp-block-themeisle-blocks-font-awesome-icons\" id=\"wp-block-themeisle-blocks-font-awesome-icons-ef336ad0\"><span class=\"wp-block-themeisle-blocks-font-awesome-icons-container\"><i class=\"fas fa-hammer\"><\/i><\/span><\/p>\n\n\n\n<h3 id=\"wp-block-themeisle-blocks-advanced-heading-3525a67d\" class=\"wp-block-themeisle-blocks-advanced-heading wp-block-themeisle-blocks-advanced-heading-3525a67d\">immersion fablab<\/h3>\n\n\n\n<p id=\"wp-block-themeisle-blocks-advanced-heading-baa1eb7a\" class=\"wp-block-themeisle-blocks-advanced-heading wp-block-themeisle-blocks-advanced-heading-baa1eb7a\">Avec des ateliers dans les FabLabs permettant de mettre en pratique et valider les concepts abord\u00e9s lors des cours en ligne.<\/p>\n<\/div>\n<\/div>\n<\/div><\/div>\n\n\n\n<div id=\"wp-block-themeisle-blocks-advanced-columns-680d71f4\" class=\"wp-block-themeisle-blocks-advanced-columns alignfull has-2-columns has-desktop-oneTwo-layout has-tablet-equal-layout has-mobile-collapsedRows-layout has-vertical-center\"><div class=\"wp-block-themeisle-blocks-advanced-columns-overlay\"><\/div><div class=\"innerblocks-wrap\">\n<div id=\"wp-block-themeisle-blocks-advanced-column-5c51079e\" class=\"wp-block-themeisle-blocks-advanced-column\">\n<figure class=\"wp-block-gallery alignleft has-nested-images columns-default is-cropped wp-block-gallery-1 is-layout-flex wp-block-gallery-is-layout-flex\">\n<figure class=\"wp-block-image size-large\"><img loading=\"lazy\" decoding=\"async\" width=\"991\" height=\"700\" data-id=\"523\" src=\"https:\/\/lafabricationnumerique.fr\/wp-content\/uploads\/2021\/04\/MinesAlbi.png\" alt=\"\" class=\"wp-image-523\" srcset=\"https:\/\/lafabricationnumerique.fr\/wp-content\/uploads\/2021\/04\/MinesAlbi.png 991w, https:\/\/lafabricationnumerique.fr\/wp-content\/uploads\/2021\/04\/MinesAlbi-300x212.png 300w, https:\/\/lafabricationnumerique.fr\/wp-content\/uploads\/2021\/04\/MinesAlbi-768x542.png 768w\" sizes=\"auto, (max-width: 991px) 100vw, 991px\" \/><\/figure>\n<\/figure>\n\n\n\n<figure class=\"wp-block-gallery alignleft has-nested-images columns-default is-cropped wp-block-gallery-2 is-layout-flex wp-block-gallery-is-layout-flex\">\n<figure class=\"wp-block-image size-large\"><img loading=\"lazy\" decoding=\"async\" width=\"959\" height=\"540\" data-id=\"521\" src=\"https:\/\/lafabricationnumerique.fr\/wp-content\/uploads\/2021\/04\/MinesAles-1.jpg\" alt=\"\" class=\"wp-image-521\" srcset=\"https:\/\/lafabricationnumerique.fr\/wp-content\/uploads\/2021\/04\/MinesAles-1.jpg 959w, https:\/\/lafabricationnumerique.fr\/wp-content\/uploads\/2021\/04\/MinesAles-1-300x169.jpg 300w, https:\/\/lafabricationnumerique.fr\/wp-content\/uploads\/2021\/04\/MinesAles-1-768x432.jpg 768w\" sizes=\"auto, (max-width: 959px) 100vw, 959px\" \/><\/figure>\n<\/figure>\n<\/div>\n\n\n\n<div id=\"wp-block-themeisle-blocks-advanced-column-63b9df68\" class=\"wp-block-themeisle-blocks-advanced-column ticss-44eccd86\">\n<h2 class=\"wp-block-heading\">Une premi\u00e8re en r\u00e9gion Occitanie<\/h2>\n\n\n\n<p>La formation \u00ab fabrication num\u00e9rique et au prototypage rapide \u00bb port\u00e9e les \u00e9coles <a rel=\"noreferrer noopener\" style=\"color:#c10230\" href=\"https:\/\/www.imt-mines-albi.fr\/\" data-type=\"URL\" data-id=\"https:\/\/www.imt-mines-albi.fr\/\" target=\"_blank\">IMT Mines Albi<\/a> et <a rel=\"noreferrer noopener\" style=\"color:#c10230\" href=\"https:\/\/mines-ales.fr\/ecole\/imt-mines-ales\/presentation\" data-type=\"URL\" data-id=\"https:\/\/mines-ales.fr\/ecole\/imt-mines-ales\/presentation\" target=\"_blank\">Mines Al\u00e8s<\/a> accueille 20 demandeur\u00b7euses d\u2019emploi <strong>\u00e0 Albi et \u00e0 Al\u00e8s<\/strong>. Cette formation alterne des cours en ligne (MOOC) et des ateliers en pr\u00e9sentiel dans les FabLabs.<\/p>\n<\/div>\n<\/div><\/div>\n\n\n\n<div id=\"wp-block-themeisle-blocks-advanced-columns-6a0a38bc\" class=\"wp-block-themeisle-blocks-advanced-columns alignfull has-1-columns has-desktop-equal-layout has-tablet-equal-layout has-mobile-equal-layout has-vertical-center\"><div class=\"wp-block-themeisle-blocks-advanced-columns-overlay\"><\/div><div class=\"innerblocks-wrap\">\n<div id=\"wp-block-themeisle-blocks-advanced-column-5ffc11cd\" class=\"wp-block-themeisle-blocks-advanced-column\">\n<h2 class=\"alignwide has-text-align-center has-white-color has-text-color wp-block-heading\">informations pratiques<\/h2>\n\n\n\n<p class=\"has-text-align-center\"><strong><mark style=\"background-color:rgba(0, 0, 0, 0)\" class=\"has-inline-color has-nv-text-dark-bg-color\">Prochaine Session en Octobre 2022<\/mark><\/strong><\/p>\n\n\n\n<div class=\"wp-block-columns is-layout-flex wp-container-core-columns-is-layout-9d6595d7 wp-block-columns-is-layout-flex\">\n<div class=\"wp-block-column is-layout-flow wp-block-column-is-layout-flow\" style=\"flex-basis:100%\">\n<div class=\"wp-block-columns is-layout-flex wp-container-core-columns-is-layout-9d6595d7 wp-block-columns-is-layout-flex\">\n<div class=\"wp-block-column is-vertically-aligned-top is-layout-flow wp-block-column-is-layout-flow\">\n<h3 class=\"has-nv-text-dark-bg-color has-text-color wp-block-heading\">Modalit\u00e9s d\u2019inscription<\/h3>\n\n\n\n<p class=\"has-nv-text-dark-bg-color has-text-color\"><strong>Effectif :<\/strong> 20 places au total<\/p>\n\n\n\n<ul class=\"ticss-5d723b6c has-nv-text-dark-bg-color has-text-color wp-block-list\"><li>10 places sur Albi<\/li><li>10 places sur Al\u00e8s<br><\/li><\/ul>\n\n\n\n<p class=\"has-nv-site-bg-color has-text-color\"><strong>S\u00e9lection :<\/strong> sur dossier et entretien<\/p>\n\n\n\n<h3 class=\"has-nv-text-dark-bg-color has-text-color wp-block-heading\">Dur\u00e9e<\/h3>\n\n\n\n<p class=\"has-nv-text-dark-bg-color has-text-color\">120 heures r\u00e9parties sur 4 mois<\/p>\n\n\n\n<ul class=\"ticss-5d723b6c has-nv-text-dark-bg-color has-text-color wp-block-list\"><li>60 heures en ligne<\/li><li>60 heures en ateliers pr\u00e9sentiels<\/li><\/ul>\n<\/div>\n\n\n\n<div class=\"wp-block-column is-vertically-aligned-top is-layout-flow wp-block-column-is-layout-flow\">\n<h3 class=\"has-nv-text-dark-bg-color has-text-color wp-block-heading\">Lieux de formation<\/h3>\n\n\n\n<ul class=\"ticss-5d723b6c has-nv-text-dark-bg-color has-text-color wp-block-list\"><li><strong>Albi : <\/strong>OpenLab d\u2019IMT Mines Albi<\/li><li><strong>Al\u00e8s : <\/strong>Fablab IMT Mines Al\u00e8s<\/li><\/ul>\n\n\n\n<h3 class=\"has-nv-text-dark-bg-color has-text-color wp-block-heading\"><strong>information\/candidature<\/strong><\/h3>\n\n\n\n<ul class=\"ticss-5d723b6c has-nv-text-dark-bg-color has-text-color wp-block-list\"><li>Pr\u00e9sentation compl\u00e8te accessible <a href=\"https:\/\/view.genial.ly\/60b8dea4a3b9350dc2e0ccba\/presentation-fabnumoccitanie\" data-type=\"URL\" data-id=\"https:\/\/view.genial.ly\/60b8dea4a3b9350dc2e0ccba\/presentation-fabnumoccitanie\" target=\"_blank\" rel=\"noreferrer noopener\">ici<\/a><\/li><li>Entretien sur rendez vous (mail ci dessous)<\/li><\/ul>\n\n\n\n<h3 class=\"has-nv-text-dark-bg-color has-text-color wp-block-heading\">Contacts<\/h3>\n\n\n\n<ul class=\"has-nv-text-dark-bg-color has-text-color wp-block-list\"><li><a href=\"mailto:fabnum@mines-ales;fr\" data-type=\"mailto\" data-id=\"mailto:fabnum@mines-ales;fr\" style=\"color:white\">fabnum@mines-ales.fr<\/a><\/li><li><a href=\"mailto:lab@listes.mines-albi.fr\" data-type=\"mailto\" data-id=\"mailto:lab@listes.mines-albi.fr\" style=\"color:white\">lab@listes.mines-albi.fr<\/a><\/li><\/ul>\n<\/div>\n<\/div>\n<\/div>\n<\/div>\n\n\n\n<div class=\"wp-block-buttons alignwide is-horizontal is-content-justification-center is-layout-flex wp-container-core-buttons-is-layout-499968f5 wp-block-buttons-is-layout-flex\">\n<div class=\"wp-block-button is-style-primary ticss-afc3d3da\"><a class=\"wp-block-button__link has-nv-site-bg-background-color has-text-color has-background\" href=\"https:\/\/drive.google.com\/file\/d\/17q-j2LeVk_zZGioTyqvgLKBKWXUZcsY1\/view?usp=sharing\" style=\"color:#c10230\" target=\"_blank\" rel=\"noreferrer noopener\"><i class=\"fas fa-file-download\"><\/i> T\u00e9l\u00e9charger la plaquette<\/a><\/div>\n\n\n\n<div class=\"wp-block-button is-style-primary ticss-afc3d3da\"><a class=\"wp-block-button__link has-nv-site-bg-background-color has-text-color has-background\" href=\"https:\/\/view.genial.ly\/60b8dea4a3b9350dc2e0ccba\/presentation-fabnumoccitanie\" style=\"color:#c10230\" target=\"_blank\" rel=\"noreferrer noopener\"><i class=\"fa fa-play-circle\" aria-hidden=\"true\"><\/i> Visualiser la pr\u00e9sentation compl\u00e8te<\/a><\/div>\n\n\n\n<div class=\"wp-block-button is-style-primary\"><a class=\"wp-block-button__link has-nv-site-bg-background-color has-text-color has-background\" href=\"https:\/\/lafabricationnumerique.fr\/wp-content\/uploads\/2022\/08\/CalendrierFabnumOcc_Sep.png\" style=\"color:#c10230\" target=\"_blank\" rel=\"noreferrer noopener\"><i class=\"fa fa-calendar\" aria-hidden=\"true\"><\/i> Calendrier deuxi\u00e8me semestre 2022<\/a><\/div>\n<\/div>\n<\/div>\n<\/div><\/div>\n\n\n\n<div id=\"wp-block-themeisle-blocks-advanced-columns-25c84e53\" class=\"wp-block-themeisle-blocks-advanced-columns has-1-columns has-desktop-equal-layout has-tablet-equal-layout has-mobile-equal-layout has-vertical-unset has-default-gap\"><div class=\"wp-block-themeisle-blocks-advanced-columns-overlay\"><\/div><div class=\"innerblocks-wrap\">\n<div id=\"wp-block-themeisle-blocks-advanced-column-e87a4827\" class=\"wp-block-themeisle-blocks-advanced-column\">\n<h2 class=\"has-text-align-right has-neve-text-color-color has-text-color wp-block-heading\">Th\u00e9matiques abord\u00e9es<\/h2>\n\n\n\n<table style=\"border:none; color:white;\" cellspacing=\"0\" cellpadding=\"2\" border=\"0\"><tbody><tr style=\"border:none\"><td style=\"border:none\" width=\"33%\">\n<iframe allow=\"autoplay\" allowfullscreen=\"\" src=\"https:\/\/www.dailymotion.com\/embed\/video\/x5lx5gc\" width=\"250\" frameborder=\"0\"><\/iframe><\/td>\n<td style=\"border:none\" width=\"33%\">\n<iframe allow=\"autoplay\" allowfullscreen=\"\" src=\"https:\/\/www.dailymotion.com\/embed\/video\/x618w26\" width=\"250\" frameborder=\"0\"><\/iframe><\/td>\n<td style=\"border:none\" width=\"33%\">\n<iframe allow=\"autoplay\" allowfullscreen=\"\" src=\"https:\/\/www.dailymotion.com\/embed\/video\/x3uwtse\" width=\"250\" frameborder=\"0\"><\/iframe><\/td>\n<\/tr><tr style=\"border:none\"><td style=\"border:none\">Module 1 : s\u2019initier \u00e0 la fabrication num\u00e9rique<\/td>\n<td style=\"border:none\">Module 2 : imprimer en 3D<\/td>\n<td style=\"border:none\">Module 3 : programmer un objet avec Arduino<\/td>\n<\/tr><\/tbody><\/table>\n<\/div>\n<\/div><\/div>\n\n\n\n<div id=\"wp-block-themeisle-blocks-advanced-columns-d84c2865\" class=\"wp-block-themeisle-blocks-advanced-columns alignfull has-2-columns has-desktop-oneTwo-layout has-tablet-equal-layout has-mobile-collapsedRows-layout has-vertical-flex-start\"><div class=\"wp-block-themeisle-blocks-advanced-columns-overlay\"><\/div><div class=\"innerblocks-wrap\">\n<div id=\"wp-block-themeisle-blocks-advanced-column-78782a0c\" class=\"wp-block-themeisle-blocks-advanced-column\">\n<div class=\"wp-block-themeisle-blocks-testimonials\">\n<h2 class=\"wp-block-heading\">Profil et pr\u00e9requis<\/h2>\n\n\n\n<figure class=\"wp-block-image size-large is-resized\"><img loading=\"lazy\" decoding=\"async\" src=\"https:\/\/lafabricationnumerique.fr\/wp-content\/uploads\/2020\/07\/IMG_4755-1024x683.jpg\" alt=\"\" class=\"wp-image-251\" width=\"365\" height=\"243\" srcset=\"https:\/\/lafabricationnumerique.fr\/wp-content\/uploads\/2020\/07\/IMG_4755-1024x683.jpg 1024w, https:\/\/lafabricationnumerique.fr\/wp-content\/uploads\/2020\/07\/IMG_4755-300x200.jpg 300w, https:\/\/lafabricationnumerique.fr\/wp-content\/uploads\/2020\/07\/IMG_4755-768x512.jpg 768w, https:\/\/lafabricationnumerique.fr\/wp-content\/uploads\/2020\/07\/IMG_4755-1536x1024.jpg 1536w, https:\/\/lafabricationnumerique.fr\/wp-content\/uploads\/2020\/07\/IMG_4755-2048x1365.jpg 2048w, https:\/\/lafabricationnumerique.fr\/wp-content\/uploads\/2020\/07\/IMG_4755-930x620.jpg 930w\" sizes=\"auto, (max-width: 365px) 100vw, 365px\" \/><\/figure>\n\n\n\n<figure class=\"wp-block-image size-large\"><img loading=\"lazy\" decoding=\"async\" width=\"1024\" height=\"683\" src=\"https:\/\/lafabricationnumerique.fr\/wp-content\/uploads\/2020\/07\/paoA1-1024x683.jpg\" alt=\"\" class=\"wp-image-254\" srcset=\"https:\/\/lafabricationnumerique.fr\/wp-content\/uploads\/2020\/07\/paoA1-1024x683.jpg 1024w, https:\/\/lafabricationnumerique.fr\/wp-content\/uploads\/2020\/07\/paoA1-300x200.jpg 300w, https:\/\/lafabricationnumerique.fr\/wp-content\/uploads\/2020\/07\/paoA1-768x512.jpg 768w, https:\/\/lafabricationnumerique.fr\/wp-content\/uploads\/2020\/07\/paoA1-1536x1024.jpg 1536w, https:\/\/lafabricationnumerique.fr\/wp-content\/uploads\/2020\/07\/paoA1-2048x1365.jpg 2048w, https:\/\/lafabricationnumerique.fr\/wp-content\/uploads\/2020\/07\/paoA1-930x620.jpg 930w\" sizes=\"auto, (max-width: 1024px) 100vw, 1024px\" \/><\/figure>\n\n\n\n<figure class=\"wp-block-image size-large\"><img loading=\"lazy\" decoding=\"async\" width=\"1024\" height=\"683\" src=\"https:\/\/lafabricationnumerique.fr\/wp-content\/uploads\/2020\/07\/IMG_4789-1024x683.jpg\" alt=\"\" class=\"wp-image-249\" srcset=\"https:\/\/lafabricationnumerique.fr\/wp-content\/uploads\/2020\/07\/IMG_4789-1024x683.jpg 1024w, https:\/\/lafabricationnumerique.fr\/wp-content\/uploads\/2020\/07\/IMG_4789-300x200.jpg 300w, https:\/\/lafabricationnumerique.fr\/wp-content\/uploads\/2020\/07\/IMG_4789-768x512.jpg 768w, https:\/\/lafabricationnumerique.fr\/wp-content\/uploads\/2020\/07\/IMG_4789-1536x1024.jpg 1536w, https:\/\/lafabricationnumerique.fr\/wp-content\/uploads\/2020\/07\/IMG_4789-2048x1365.jpg 2048w, https:\/\/lafabricationnumerique.fr\/wp-content\/uploads\/2020\/07\/IMG_4789-930x620.jpg 930w\" sizes=\"auto, (max-width: 1024px) 100vw, 1024px\" \/><\/figure>\n<\/div>\n<\/div>\n\n\n\n<div id=\"wp-block-themeisle-blocks-advanced-column-18ee7d49\" class=\"wp-block-themeisle-blocks-advanced-column\">\n<p>Manager, entrepreneur, intrapreneur, cadres, techniciens souhaitant se familiariser avec les outils num\u00e9riques et les m\u00e9thodes de prototypage rapide ou porteur d\u2019un projet de d\u00e9veloppement de produit ou de service. <\/p>\n\n\n\n<p>Personnes disposant d\u2019une exp\u00e9rience dans l\u2019un ou plusieurs des domaines suivants :<\/p>\n\n\n\n<ul class=\"wp-block-list\"><li>Graphisme, design, mod\u00e9lisation, architecture, art<\/li><li>Num\u00e9rique (d\u00e9veloppeurs, web)<\/li><li>Fabrication, production, artisanat d\u2019objets<\/li><li>M\u00e9dias et communication<\/li><li>Commercial<\/li><li>M\u00e9diation et formation<\/li><\/ul>\n\n\n\n<p>Et souhaitant s\u2019orienter vers :<\/p>\n\n\n\n<ul class=\"wp-block-list\"><li>Les projets d\u2019open innovation au sein d\u2019entreprises (prototypage rapide de nouveaux produits)<\/li><li>L\u2019entrepreneuriat<\/li><li>Les FabLabs<\/li><\/ul>\n\n\n\n<p><strong>Pr\u00e9requis :<\/strong><\/p>\n\n\n\n<ul class=\"wp-block-list\"><li>App\u00e9tence \u00e0 se former en ligne en autonomie<\/li><li>Motivation et disponibilit\u00e9 pour se former 7 heures par semaine pendant 4 mois<\/li><li>Avoir un ordinateur portable pour les ateliers et un acc\u00e8s internet pour les modules en ligne<\/li><\/ul>\n<\/div>\n<\/div><\/div>\n\n\n\n<div id=\"wp-block-themeisle-blocks-advanced-columns-ffddc8ac\" class=\"wp-block-themeisle-blocks-advanced-columns has-1-columns has-desktop-equal-layout has-tablet-equal-layout has-mobile-equal-layout has-vertical-flex-start has-default-gap\"><div class=\"wp-block-themeisle-blocks-advanced-columns-overlay\"><\/div><div class=\"innerblocks-wrap\">\n<div id=\"wp-block-themeisle-blocks-advanced-column-a744c710\" class=\"wp-block-themeisle-blocks-advanced-column\">\n<h2 class=\"wp-block-heading\" id=\"formulaire-aura\">Formulaire de candidature<\/h2>\n\n\n\n<iframe loading=\"lazy\" src=\"https:\/\/framaforms.org\/candidature-formation-fabnum-occitanie-1619184287\" border=\"0\" width=\"100%\" height=\"1200\" frameborder=\"0\"><\/iframe>\n<\/div>\n<\/div><\/div>\n\n\n<div class=\"wp-block-image\">\n<figure class=\"aligncenter size-large is-resized\"><img loading=\"lazy\" decoding=\"async\" src=\"https:\/\/lafabricationnumerique.fr\/wp-content\/uploads\/2021\/04\/partenaires-occitanie-1024x249.png\" alt=\"Partenaires Occitanie\" class=\"wp-image-499\" width=\"768\" height=\"187\" srcset=\"https:\/\/lafabricationnumerique.fr\/wp-content\/uploads\/2021\/04\/partenaires-occitanie-1024x249.png 1024w, https:\/\/lafabricationnumerique.fr\/wp-content\/uploads\/2021\/04\/partenaires-occitanie-300x73.png 300w, https:\/\/lafabricationnumerique.fr\/wp-content\/uploads\/2021\/04\/partenaires-occitanie-768x187.png 768w, https:\/\/lafabricationnumerique.fr\/wp-content\/uploads\/2021\/04\/partenaires-occitanie-1536x373.png 1536w, https:\/\/lafabricationnumerique.fr\/wp-content\/uploads\/2021\/04\/partenaires-occitanie.png 1802w\" sizes=\"auto, (max-width: 768px) 100vw, 768px\" \/><\/figure>\n<\/div>\n\n\n<p><\/p>\n","protected":false},"excerpt":{"rendered":"","protected":false},"author":1,"featured_media":0,"parent":0,"menu_order":0,"comment_status":"closed","ping_status":"closed","template":"","meta":{"neve_meta_sidebar":"full-width","neve_meta_container":"full-width","neve_meta_enable_content_width":"on","neve_meta_content_width":100,"neve_meta_title_alignment":"","neve_meta_author_avatar":"","neve_post_elements_order":"","neve_meta_disable_header":"on","neve_meta_disable_footer":"","neve_meta_disable_title":"on","_themeisle_gutenberg_block_has_review":false,"footnotes":""},"class_list":["post-497","page","type-page","status-publish","hentry"],"_links":{"self":[{"href":"https:\/\/lafabricationnumerique.fr\/index.php\/wp-json\/wp\/v2\/pages\/497","targetHints":{"allow":["GET"]}}],"collection":[{"href":"https:\/\/lafabricationnumerique.fr\/index.php\/wp-json\/wp\/v2\/pages"}],"about":[{"href":"https:\/\/lafabricationnumerique.fr\/index.php\/wp-json\/wp\/v2\/types\/page"}],"author":[{"embeddable":true,"href":"https:\/\/lafabricationnumerique.fr\/index.php\/wp-json\/wp\/v2\/users\/1"}],"replies":[{"embeddable":true,"href":"https:\/\/lafabricationnumerique.fr\/index.php\/wp-json\/wp\/v2\/comments?post=497"}],"version-history":[{"count":59,"href":"https:\/\/lafabricationnumerique.fr\/index.php\/wp-json\/wp\/v2\/pages\/497\/revisions"}],"predecessor-version":[{"id":691,"href":"https:\/\/lafabricationnumerique.fr\/index.php\/wp-json\/wp\/v2\/pages\/497\/revisions\/691"}],"wp:attachment":[{"href":"https:\/\/lafabricationnumerique.fr\/index.php\/wp-json\/wp\/v2\/media?parent=497"}],"curies":[{"name":"wp","href":"https:\/\/api.w.org\/{rel}","templated":true}]}}