{"id":5,"date":"2020-01-13T11:17:52","date_gmt":"2020-01-13T11:17:52","guid":{"rendered":"https:\/\/demosites.io\/web-agency-gb\/?page_id=5"},"modified":"2024-03-06T15:57:08","modified_gmt":"2024-03-06T14:57:08","slug":"d41d8-web-agency-gb-home","status":"publish","type":"page","link":"https:\/\/lafabricationnumerique.fr\/","title":{"rendered":"Home"},"content":{"rendered":"\n<div id=\"wp-block-themeisle-blocks-advanced-columns-2d4e5cf0\" class=\"wp-block-themeisle-blocks-advanced-columns alignfull has-1-columns has-desktop-equal-layout has-tablet-equal-layout has-mobile-equal-layout has-vertical-center\"><div class=\"wp-block-themeisle-blocks-advanced-columns-overlay\"><\/div><div class=\"innerblocks-wrap\">\n<div id=\"wp-block-themeisle-blocks-advanced-column-4794097f\" class=\"wp-block-themeisle-blocks-advanced-column ticss-772a8d7e\">\n<h1 class=\"wp-block-heading has-text-align-center has-white-color has-text-color\">Ajoutez \u00ab\u00a0maker\u00a0\u00bb \u00e0 votre CV <\/h1>\n\n\n\n<p class=\"has-text-align-center has-white-color has-text-color\">Une formation hybride de 120h pour apprivoiser les technologies des FabLabs.<\/p>\n<\/div>\n<\/div><\/div>\n\n\n\n<div id=\"wp-block-themeisle-blocks-advanced-columns-b3525c80\" class=\"wp-block-themeisle-blocks-advanced-columns alignfull has-1-columns has-desktop-equal-layout has-tablet-equal-layout has-mobile-equal-layout has-vertical-center has-dark-bg\"><div class=\"wp-block-themeisle-blocks-advanced-columns-overlay\"><\/div><div class=\"innerblocks-wrap\">\n<div id=\"wp-block-themeisle-blocks-advanced-column-9d431006\" class=\"wp-block-themeisle-blocks-advanced-column\">\n<h2 class=\"wp-block-heading has-text-align-center has-white-color has-text-color\">envie de fabriquer ?<\/h2>\n\n\n\n<p class=\"has-text-align-center has-white-color has-text-color has-normal-font-size\">Vous souhaitez vous former au prototypage rapide, \u00e0 l\u2019impression 3D et \u00e0 la programmation ? Cette formation certifiante alterne des cours en ligne et des ateliers en pr\u00e9sentiels en FabLab (petite usine locale partag\u00e9e). Vous apprendrez par la pratique, avec un accompagnement sur-mesure, \u00e0 mod\u00e9liser, fabriquer et programmer des objets intelligents gr\u00e2ce aux technologies issues des FabLabs !<\/p>\n<\/div>\n<\/div><\/div>\n\n\n\n<div id=\"wp-block-themeisle-blocks-advanced-columns-890ff3ec\" class=\"wp-block-themeisle-blocks-advanced-columns alignfull has-4-columns has-desktop-equal-layout has-tablet-equal-layout has-mobile-collapsedRows-layout has-vertical-flex-start has-light-bg\"><div class=\"wp-block-themeisle-blocks-advanced-columns-overlay\"><\/div><div class=\"innerblocks-wrap\">\n<div id=\"wp-block-themeisle-blocks-advanced-column-d271530c\" class=\"wp-block-themeisle-blocks-advanced-column has-light-bg\">\n<div class=\"wp-block-themeisle-blocks-service\">\n<p id=\"wp-block-themeisle-blocks-font-awesome-icons-e42a89dd\" class=\"wp-block-themeisle-blocks-font-awesome-icons\"><span class=\"wp-block-themeisle-blocks-font-awesome-icons-container\"><i class=\"fas fa-hands-helping\"><\/i><\/span><\/p>\n\n\n\n<h3 id=\"wp-block-themeisle-blocks-advanced-heading-63886c6f\" class=\"wp-block-themeisle-blocks-advanced-heading wp-block-themeisle-blocks-advanced-heading-63886c6f\">Encadrement optimal<\/h3>\n\n\n\n<p id=\"wp-block-themeisle-blocks-advanced-heading-ccaeb3e3\" class=\"wp-block-themeisle-blocks-advanced-heading wp-block-themeisle-blocks-advanced-heading-ccaeb3e3\">Un encadrement et un accompagnement individuel pour suivre la progression de chacun\u00b7e.<\/p>\n<\/div>\n<\/div>\n\n\n\n<div id=\"wp-block-themeisle-blocks-advanced-column-680837e1\" class=\"wp-block-themeisle-blocks-advanced-column\">\n<div class=\"wp-block-themeisle-blocks-service\">\n<p id=\"wp-block-themeisle-blocks-font-awesome-icons-54ffc4a4\" class=\"wp-block-themeisle-blocks-font-awesome-icons\"><span class=\"wp-block-themeisle-blocks-font-awesome-icons-container\"><i class=\"fas fa-file-video\"><\/i><\/span><\/p>\n\n\n\n<h3 id=\"wp-block-themeisle-blocks-advanced-heading-9b187b06\" class=\"wp-block-themeisle-blocks-advanced-heading wp-block-themeisle-blocks-advanced-heading-9b187b06\">Formation hybride<\/h3>\n\n\n\n<p id=\"wp-block-themeisle-blocks-advanced-heading-c2693aa5\" class=\"wp-block-themeisle-blocks-advanced-heading wp-block-themeisle-blocks-advanced-heading-c2693aa5\">Avec des cours en ligne, con\u00e7us et r\u00e9alis\u00e9s par l&rsquo;IMT, des ing\u00e9nieurs-makers et des FabManagers.<\/p>\n<\/div>\n<\/div>\n\n\n\n<div id=\"wp-block-themeisle-blocks-advanced-column-b0c8604e\" class=\"wp-block-themeisle-blocks-advanced-column\">\n<div class=\"wp-block-themeisle-blocks-service\">\n<p id=\"wp-block-themeisle-blocks-font-awesome-icons-2b9dd853\" class=\"wp-block-themeisle-blocks-font-awesome-icons\"><span class=\"wp-block-themeisle-blocks-font-awesome-icons-container\"><i class=\"fas fa-hammer\"><\/i><\/span><\/p>\n\n\n\n<h3 id=\"wp-block-themeisle-blocks-advanced-heading-43994d7f\" class=\"wp-block-themeisle-blocks-advanced-heading wp-block-themeisle-blocks-advanced-heading-43994d7f\">immersion fablab<\/h3>\n\n\n\n<p id=\"wp-block-themeisle-blocks-advanced-heading-9c9fca25\" class=\"wp-block-themeisle-blocks-advanced-heading wp-block-themeisle-blocks-advanced-heading-9c9fca25\">Avec des ateliers dans les FabLabs permettant de mettre en pratique et valider les concepts abord\u00e9s lors des cours en ligne.<\/p>\n<\/div>\n<\/div>\n\n\n\n<div id=\"wp-block-themeisle-blocks-advanced-column-0a2189d1\" class=\"wp-block-themeisle-blocks-advanced-column\">\n<div class=\"wp-block-themeisle-blocks-service\">\n<p id=\"wp-block-themeisle-blocks-font-awesome-icons-dd172939\" class=\"wp-block-themeisle-blocks-font-awesome-icons\"><span class=\"wp-block-themeisle-blocks-font-awesome-icons-container\"><i class=\"fas fa-graduation-cap\"><\/i><\/span><\/p>\n\n\n\n<h3 id=\"wp-block-themeisle-blocks-advanced-heading-4132e3f4\" class=\"wp-block-themeisle-blocks-advanced-heading wp-block-themeisle-blocks-advanced-heading-4132e3f4\">Dispositif certifiant<\/h3>\n\n\n\n<p id=\"wp-block-themeisle-blocks-advanced-heading-9d16d99f\" class=\"wp-block-themeisle-blocks-advanced-heading wp-block-themeisle-blocks-advanced-heading-9d16d99f\">Cette formation donne lieu \u00e0 un certificat de l&rsquo;<a href=\"https:\/\/www.imt.fr\/\">IMT<\/a>, 1er groupe fran\u00e7ais de grandes \u00e9coles d\u2019ing\u00e9nieur\u00b7es et de management<\/p>\n\n\n\n<p id=\"wp-block-themeisle-blocks-advanced-heading-1f59a9eb\" class=\"wp-block-themeisle-blocks-advanced-heading wp-block-themeisle-blocks-advanced-heading-1f59a9eb\"> <\/p>\n<\/div>\n<\/div>\n<\/div><\/div>\n\n\n\n<div id=\"wp-block-themeisle-blocks-advanced-columns-ad20c616\" class=\"wp-block-themeisle-blocks-advanced-columns alignfull has-2-columns has-desktop-oneTwo-layout has-tablet-equal-layout has-mobile-collapsedRows-layout has-vertical-center has-light-bg\"><div class=\"wp-block-themeisle-blocks-advanced-columns-overlay\"><\/div><div class=\"innerblocks-wrap\">\n<div id=\"wp-block-themeisle-blocks-advanced-column-03d02eeb\" class=\"wp-block-themeisle-blocks-advanced-column\"><div class=\"wp-block-image is-style-default\">\n<figure class=\"alignright size-large\"><img loading=\"lazy\" decoding=\"async\" width=\"412\" height=\"1024\" src=\"https:\/\/lafabricationnumerique.fr\/wp-content\/uploads\/2020\/07\/thematiques_vertical_imta-1-412x1024.png\" alt=\"Comp\u00e9tences parcours\" class=\"wp-image-161\" srcset=\"https:\/\/lafabricationnumerique.fr\/wp-content\/uploads\/2020\/07\/thematiques_vertical_imta-1-412x1024.png 412w, https:\/\/lafabricationnumerique.fr\/wp-content\/uploads\/2020\/07\/thematiques_vertical_imta-1-121x300.png 121w, https:\/\/lafabricationnumerique.fr\/wp-content\/uploads\/2020\/07\/thematiques_vertical_imta-1.png 643w\" sizes=\"auto, (max-width: 412px) 100vw, 412px\" \/><\/figure>\n<\/div><\/div>\n\n\n\n<div id=\"wp-block-themeisle-blocks-advanced-column-cb2b8741\" class=\"wp-block-themeisle-blocks-advanced-column ticss-44eccd86\">\n<h2 class=\"wp-block-heading\">des Comp\u00e9tences de pointe<\/h2>\n\n\n\n<p>A la fin de la formation, vous serez capable de :<\/p>\n\n\n\n<ul class=\"wp-block-list\">\n<li>Mod\u00e9liser, usiner et fabriquer des objets en 2D et 3D<\/li>\n\n\n\n<li>R\u00e9aliser des montages \u00e9lectroniques et programmer des objets intelligents avec Arduino<\/li>\n\n\n\n<li>Appliquer des m\u00e9thodes de prototypage rapide et d\u2019innovation frugale<\/li>\n\n\n\n<li>Collaborer \u00e0 distance, en \u00e9quipe, sur un projet pour passer du design de produit \u00e0 la r\u00e9alisation d&rsquo;un prototype<\/li>\n\n\n\n<li>Vous former en ligne et en autonomie<\/li>\n<\/ul>\n\n\n\n<div style=\"height:20px\" aria-hidden=\"true\" class=\"wp-block-spacer\"><\/div>\n\n\n\n<div id=\"wp-block-themeisle-blocks-button-group-98a64df1\" class=\"wp-block-themeisle-blocks-button-group collapse-mobile wp-block-buttons\">\n<div id=\"wp-block-themeisle-blocks-button-a2004f7c\" class=\"wp-block-themeisle-blocks-button wp-block-button\"><a href=\"#wp-block-themeisle-blocks-advanced-columns-6d57ad3c\" target=\"_self\" rel=\"noopener noreferrer\" class=\"wp-block-button__link\"><span>En savoir plus<\/span><\/a><\/div>\n<\/div>\n<\/div>\n<\/div><\/div>\n\n\n\n<div id=\"wp-block-themeisle-blocks-advanced-columns-6d57ad3c\" class=\"wp-block-themeisle-blocks-advanced-columns alignfull has-1-columns has-desktop-equal-layout has-tablet-equal-layout has-mobile-equal-layout has-vertical-unset has-vertical-undefined has-dark-bg\"><div class=\"wp-block-themeisle-blocks-advanced-columns-overlay\"><\/div><div class=\"innerblocks-wrap\">\n<div id=\"wp-block-themeisle-blocks-advanced-column-5187b688\" class=\"wp-block-themeisle-blocks-advanced-column\">\n<h2 class=\"wp-block-heading has-text-align-left has-white-color has-text-color\">PROGRAMME<\/h2>\n\n\n\n<div id=\"wp-block-themeisle-blocks-advanced-columns-f3e69af2\" class=\"wp-block-themeisle-blocks-advanced-columns has-2-columns has-desktop-oneTwo-layout has-tablet-equal-layout has-mobile-collapsedRows-layout has-vertical-center\"><div class=\"wp-block-themeisle-blocks-advanced-columns-overlay\"><\/div><div class=\"innerblocks-wrap\">\n<div id=\"wp-block-themeisle-blocks-advanced-column-d195b69a\" class=\"wp-block-themeisle-blocks-advanced-column\">\n<div class=\"wp-block-group\"><div class=\"wp-block-group__inner-container is-layout-flow wp-block-group-is-layout-flow\"><div class=\"wp-block-image\">\n<figure class=\"aligncenter size-large is-resized\"><img loading=\"lazy\" decoding=\"async\" width=\"511\" height=\"671\" src=\"https:\/\/lafabricationnumerique.fr\/wp-content\/uploads\/2020\/07\/image-1.png\" alt=\"\" class=\"wp-image-174\" style=\"width:127px;height:167px\" srcset=\"https:\/\/lafabricationnumerique.fr\/wp-content\/uploads\/2020\/07\/image-1.png 511w, https:\/\/lafabricationnumerique.fr\/wp-content\/uploads\/2020\/07\/image-1-228x300.png 228w\" sizes=\"auto, (max-width: 511px) 100vw, 511px\" \/><\/figure>\n<\/div>\n\n\n<h3 class=\"wp-block-heading has-text-align-center has-white-color has-text-color\">Module 1 <strong>: S\u2019initier \u00e0 la Fabrication num\u00e9rique<\/strong><\/h3>\n<\/div><\/div>\n<\/div>\n\n\n\n<div id=\"wp-block-themeisle-blocks-advanced-column-7e0bf5be\" class=\"wp-block-themeisle-blocks-advanced-column\">\n<ul class=\"ticss-6f56858f wp-block-list\">\n<li>D\u00e9couvrir l\u2019univers des FabLabs<\/li>\n\n\n\n<li>Fabriquer avec des machines \u00e0 commande num\u00e9rique<\/li>\n\n\n\n<li>Programmer avec Arduino<\/li>\n\n\n\n<li>Passer du prototype \u00e0 l\u2019entreprenariat<\/li>\n<\/ul>\n\n\n\n<p class=\"has-white-color has-text-color\">A<strong>TELIERS :<\/strong> Fabriquer un prototype d\u2019objet intelligent et pr\u00e9senter son projet pour des financeurs<\/p>\n<\/div>\n<\/div><\/div>\n\n\n\n<div id=\"wp-block-themeisle-blocks-advanced-columns-f8614bac\" class=\"wp-block-themeisle-blocks-advanced-columns has-2-columns has-desktop-oneTwo-layout has-tablet-equal-layout has-mobile-collapsedRows-layout has-vertical-center\"><div class=\"wp-block-themeisle-blocks-advanced-columns-overlay\"><\/div><div class=\"innerblocks-wrap\">\n<div id=\"wp-block-themeisle-blocks-advanced-column-8d375288\" class=\"wp-block-themeisle-blocks-advanced-column\">\n<div class=\"wp-block-group\"><div class=\"wp-block-group__inner-container is-layout-flow wp-block-group-is-layout-flow\"><div class=\"wp-block-image ticss-6a644a84\">\n<figure class=\"aligncenter size-large is-resized\"><img loading=\"lazy\" decoding=\"async\" width=\"728\" height=\"431\" src=\"https:\/\/lafabricationnumerique.fr\/wp-content\/uploads\/2020\/07\/image-2.png\" alt=\"\" class=\"wp-image-176\" style=\"width:176px;height:104px\" srcset=\"https:\/\/lafabricationnumerique.fr\/wp-content\/uploads\/2020\/07\/image-2.png 728w, https:\/\/lafabricationnumerique.fr\/wp-content\/uploads\/2020\/07\/image-2-300x178.png 300w\" sizes=\"auto, (max-width: 728px) 100vw, 728px\" \/><\/figure>\n<\/div>\n\n\n<h3 class=\"wp-block-heading has-text-align-center has-white-color has-text-color\">Module 2 : <strong>Programmer un objet avec Arduino<\/strong><\/h3>\n<\/div><\/div>\n<\/div>\n\n\n\n<div id=\"wp-block-themeisle-blocks-advanced-column-e1c4c322\" class=\"wp-block-themeisle-blocks-advanced-column\">\n<ul class=\"ticss-2024c141 wp-block-list\">\n<li>Programmer un microcontr\u00f4leur \u00e9lectronique Arduino<\/li>\n\n\n\n<li>Interfacer des capteurs et des actionneurs<\/li>\n\n\n\n<li>Mettre en pratique les concepts cl\u00e9s de l\u2019\u00e9lectronique dans les FabLabs<\/li>\n<\/ul>\n\n\n\n<p class=\"has-white-color has-text-color\">A<strong>TELIERS : <\/strong>Programmer l&rsquo;objet fabriqu\u00e9 dans le module pr\u00e9c\u00e9dent pour y ajouter des fonctionnalit\u00e9s.<\/p>\n<\/div>\n<\/div><\/div>\n\n\n\n<div id=\"wp-block-themeisle-blocks-advanced-columns-5187f8c3\" class=\"wp-block-themeisle-blocks-advanced-columns has-2-columns has-desktop-oneTwo-layout has-tablet-equal-layout has-mobile-collapsedRows-layout has-vertical-center\"><div class=\"wp-block-themeisle-blocks-advanced-columns-overlay\"><\/div><div class=\"innerblocks-wrap\">\n<div id=\"wp-block-themeisle-blocks-advanced-column-00904cf0\" class=\"wp-block-themeisle-blocks-advanced-column\">\n<div class=\"wp-block-group\"><div class=\"wp-block-group__inner-container is-layout-flow wp-block-group-is-layout-flow\">\n<div class=\"wp-block-group\"><div class=\"wp-block-group__inner-container is-layout-flow wp-block-group-is-layout-flow\"><div class=\"wp-block-image\">\n<figure class=\"aligncenter size-large is-resized\"><img loading=\"lazy\" decoding=\"async\" width=\"613\" height=\"773\" src=\"https:\/\/lafabricationnumerique.fr\/wp-content\/uploads\/2020\/07\/image-3.png\" alt=\"\" class=\"wp-image-182\" style=\"width:153px;height:193px\" srcset=\"https:\/\/lafabricationnumerique.fr\/wp-content\/uploads\/2020\/07\/image-3.png 613w, https:\/\/lafabricationnumerique.fr\/wp-content\/uploads\/2020\/07\/image-3-238x300.png 238w\" sizes=\"auto, (max-width: 613px) 100vw, 613px\" \/><\/figure>\n<\/div>\n\n\n<h3 class=\"wp-block-heading has-text-align-center has-white-color has-text-color\">Module 3 : Imprimer en 3D<\/h3>\n<\/div><\/div>\n<\/div><\/div>\n<\/div>\n\n\n\n<div id=\"wp-block-themeisle-blocks-advanced-column-9768d967\" class=\"wp-block-themeisle-blocks-advanced-column\">\n<ul class=\"ticss-1f8442d0 wp-block-list\">\n<li>D\u00e9crire le potentiel de la production d\u2019objets par synth\u00e8se additive<\/li>\n\n\n\n<li>Expliquer le fonctionnement et les contraintes d\u2019une imprimante 3D<\/li>\n\n\n\n<li>Mod\u00e9liser et fabriquer un objet en 3D<\/li>\n<\/ul>\n\n\n\n<p class=\"has-white-color has-text-color\"><strong>ATELIERS :<\/strong> Imprimer des pi\u00e8ces dans un FabLab pour enrichir l\u2019objet fabriqu\u00e9 dans le module pr\u00e9c\u00e9dent<\/p>\n<\/div>\n<\/div><\/div>\n\n\n\n<h2 class=\"wp-block-heading has-text-align-left has-white-color has-text-color\">Modalit\u00e9s p\u00e9dagogiques<\/h2>\n\n\n\n<p class=\"has-white-color has-text-color\">Chacun des 3 modules comporte des cours en ligne (Vid\u00e9os, ressources compl\u00e9mentaires, travaux pratiques en ligne et quiz) et 4 ateliers en pr\u00e9sentiel de mise en pratique dans un FabLab.<\/p>\n\n\n\n<p class=\"has-white-color has-text-color\">Le programme pr\u00e9voit 120 heures de formation sur 4 mois (pr\u00e9voir 7 heures par semaine) :<\/p>\n\n\n\n<ul class=\"ticss-938ae66f wp-block-list\">\n<li>60 heures de formation en ligne<\/li>\n\n\n\n<li>60 heures en ateliers pr\u00e9sentiels dans un FabLab proche de chez vous<\/li>\n<\/ul>\n<\/div>\n<\/div><\/div>\n\n\n\n<div id=\"wp-block-themeisle-blocks-advanced-columns-5e6f3a8e\" class=\"wp-block-themeisle-blocks-advanced-columns alignfull has-0-columns has-desktop-twoOne-layout has-tablet-equal-layout has-mobile-collapsedRows-layout has-vertical-center\"><div class=\"wp-block-themeisle-blocks-advanced-columns-overlay\"><\/div><div class=\"innerblocks-wrap\"><\/div><\/div>\n\n\n\n<h2 class=\"wp-block-heading\">Sessions \u00e0 venir<\/h2>\n\n\n\n<p>Les derni\u00e8res sessions se sont d\u00e9roul\u00e9es fin 2022. Aucune session \u00e0 venir !<\/p>\n\n\n\n<div id=\"wp-block-themeisle-blocks-advanced-columns-d84c2865\" class=\"wp-block-themeisle-blocks-advanced-columns alignfull has-2-columns has-desktop-oneTwo-layout has-tablet-equal-layout has-mobile-collapsedRows-layout has-vertical-flex-start has-light-bg\"><div class=\"wp-block-themeisle-blocks-advanced-columns-overlay\"><\/div><div class=\"innerblocks-wrap\">\n<div id=\"wp-block-themeisle-blocks-advanced-column-78782a0c\" class=\"wp-block-themeisle-blocks-advanced-column\">\n<div class=\"wp-block-themeisle-blocks-testimonials\">\n<h2 class=\"wp-block-heading\">Profil et pr\u00e9requis<\/h2>\n\n\n\n<figure class=\"wp-block-image size-large is-resized\"><img loading=\"lazy\" decoding=\"async\" width=\"1024\" height=\"683\" src=\"https:\/\/lafabricationnumerique.fr\/wp-content\/uploads\/2020\/07\/IMG_4755-1024x683.jpg\" alt=\"\" class=\"wp-image-251\" style=\"width:365px;height:243px\" srcset=\"https:\/\/lafabricationnumerique.fr\/wp-content\/uploads\/2020\/07\/IMG_4755-1024x683.jpg 1024w, https:\/\/lafabricationnumerique.fr\/wp-content\/uploads\/2020\/07\/IMG_4755-300x200.jpg 300w, https:\/\/lafabricationnumerique.fr\/wp-content\/uploads\/2020\/07\/IMG_4755-768x512.jpg 768w, https:\/\/lafabricationnumerique.fr\/wp-content\/uploads\/2020\/07\/IMG_4755-1536x1024.jpg 1536w, https:\/\/lafabricationnumerique.fr\/wp-content\/uploads\/2020\/07\/IMG_4755-2048x1365.jpg 2048w, https:\/\/lafabricationnumerique.fr\/wp-content\/uploads\/2020\/07\/IMG_4755-930x620.jpg 930w\" sizes=\"auto, (max-width: 1024px) 100vw, 1024px\" \/><\/figure>\n\n\n\n<figure class=\"wp-block-image size-large\"><img loading=\"lazy\" decoding=\"async\" width=\"1024\" height=\"683\" src=\"https:\/\/lafabricationnumerique.fr\/wp-content\/uploads\/2020\/07\/paoA1-1024x683.jpg\" alt=\"\" class=\"wp-image-254\" srcset=\"https:\/\/lafabricationnumerique.fr\/wp-content\/uploads\/2020\/07\/paoA1-1024x683.jpg 1024w, https:\/\/lafabricationnumerique.fr\/wp-content\/uploads\/2020\/07\/paoA1-300x200.jpg 300w, https:\/\/lafabricationnumerique.fr\/wp-content\/uploads\/2020\/07\/paoA1-768x512.jpg 768w, https:\/\/lafabricationnumerique.fr\/wp-content\/uploads\/2020\/07\/paoA1-1536x1024.jpg 1536w, https:\/\/lafabricationnumerique.fr\/wp-content\/uploads\/2020\/07\/paoA1-2048x1365.jpg 2048w, https:\/\/lafabricationnumerique.fr\/wp-content\/uploads\/2020\/07\/paoA1-930x620.jpg 930w\" sizes=\"auto, (max-width: 1024px) 100vw, 1024px\" \/><\/figure>\n\n\n\n<figure class=\"wp-block-image size-large\"><img loading=\"lazy\" decoding=\"async\" width=\"1024\" height=\"683\" src=\"https:\/\/lafabricationnumerique.fr\/wp-content\/uploads\/2020\/07\/IMG_4789-1024x683.jpg\" alt=\"\" class=\"wp-image-249\" srcset=\"https:\/\/lafabricationnumerique.fr\/wp-content\/uploads\/2020\/07\/IMG_4789-1024x683.jpg 1024w, https:\/\/lafabricationnumerique.fr\/wp-content\/uploads\/2020\/07\/IMG_4789-300x200.jpg 300w, https:\/\/lafabricationnumerique.fr\/wp-content\/uploads\/2020\/07\/IMG_4789-768x512.jpg 768w, https:\/\/lafabricationnumerique.fr\/wp-content\/uploads\/2020\/07\/IMG_4789-1536x1024.jpg 1536w, https:\/\/lafabricationnumerique.fr\/wp-content\/uploads\/2020\/07\/IMG_4789-2048x1365.jpg 2048w, https:\/\/lafabricationnumerique.fr\/wp-content\/uploads\/2020\/07\/IMG_4789-930x620.jpg 930w\" sizes=\"auto, (max-width: 1024px) 100vw, 1024px\" \/><\/figure>\n<\/div>\n<\/div>\n\n\n\n<div id=\"wp-block-themeisle-blocks-advanced-column-18ee7d49\" class=\"wp-block-themeisle-blocks-advanced-column\">\n<p>Manager, entrepreneur, intrapreneur, cadres, techniciens souhaitant se familiariser avec les outils num\u00e9riques et les m\u00e9thodes de prototypage rapide ou porteur d\u2019un projet de d\u00e9veloppement de produit ou de service. <\/p>\n\n\n\n<p>Personnes disposant d\u2019une exp\u00e9rience dans l\u2019un ou plusieurs des domaines suivants :<\/p>\n\n\n\n<ul class=\"wp-block-list\">\n<li>Graphisme, design, mod\u00e9lisation, architecture, art<\/li>\n\n\n\n<li>Num\u00e9rique (d\u00e9veloppeurs, web)<\/li>\n\n\n\n<li>Fabrication, production, artisanat d\u2019objets<\/li>\n\n\n\n<li>M\u00e9dias et communication<\/li>\n\n\n\n<li>Commercial<\/li>\n\n\n\n<li>M\u00e9diation et formation<\/li>\n<\/ul>\n\n\n\n<p>Et souhaitant s\u2019orienter vers :<\/p>\n\n\n\n<ul class=\"wp-block-list\">\n<li>Les projets d\u2019open innovation au sein d\u2019entreprises (prototypage rapide de nouveaux produits)<\/li>\n\n\n\n<li>L\u2019entrepreneuriat<\/li>\n\n\n\n<li>Les FabLabs<\/li>\n<\/ul>\n\n\n\n<p><strong>Pr\u00e9requis :<\/strong><\/p>\n\n\n\n<ul class=\"wp-block-list\">\n<li>App\u00e9tence \u00e0 se former en ligne en autonomie<\/li>\n\n\n\n<li>Motivation et disponibilit\u00e9 pour se former 7 heures par semaine pendant 4 mois<\/li>\n\n\n\n<li>Avoir un ordinateur portable pour les ateliers et un acc\u00e8s internet pour les modules en ligne<\/li>\n<\/ul>\n<\/div>\n<\/div><\/div>\n","protected":false},"excerpt":{"rendered":"<p>Sessions \u00e0 venir Les derni\u00e8res sessions se sont d\u00e9roul\u00e9es fin 2022. Aucune session \u00e0 venir !<\/p>\n","protected":false},"author":1,"featured_media":0,"parent":0,"menu_order":0,"comment_status":"closed","ping_status":"closed","template":"","meta":{"neve_meta_sidebar":"full-width","neve_meta_container":"contained","neve_meta_enable_content_width":"off","neve_meta_content_width":30,"neve_meta_title_alignment":"","neve_meta_author_avatar":"","neve_post_elements_order":"","neve_meta_disable_header":"","neve_meta_disable_footer":"","neve_meta_disable_title":"on","_themeisle_gutenberg_block_has_review":false,"footnotes":""},"class_list":["post-5","page","type-page","status-publish","hentry"],"_links":{"self":[{"href":"https:\/\/lafabricationnumerique.fr\/index.php\/wp-json\/wp\/v2\/pages\/5","targetHints":{"allow":["GET"]}}],"collection":[{"href":"https:\/\/lafabricationnumerique.fr\/index.php\/wp-json\/wp\/v2\/pages"}],"about":[{"href":"https:\/\/lafabricationnumerique.fr\/index.php\/wp-json\/wp\/v2\/types\/page"}],"author":[{"embeddable":true,"href":"https:\/\/lafabricationnumerique.fr\/index.php\/wp-json\/wp\/v2\/users\/1"}],"replies":[{"embeddable":true,"href":"https:\/\/lafabricationnumerique.fr\/index.php\/wp-json\/wp\/v2\/comments?post=5"}],"version-history":[{"count":119,"href":"https:\/\/lafabricationnumerique.fr\/index.php\/wp-json\/wp\/v2\/pages\/5\/revisions"}],"predecessor-version":[{"id":788,"href":"https:\/\/lafabricationnumerique.fr\/index.php\/wp-json\/wp\/v2\/pages\/5\/revisions\/788"}],"wp:attachment":[{"href":"https:\/\/lafabricationnumerique.fr\/index.php\/wp-json\/wp\/v2\/media?parent=5"}],"curies":[{"name":"wp","href":"https:\/\/api.w.org\/{rel}","templated":true}]}}