{"id":721,"date":"2023-01-18T19:42:56","date_gmt":"2023-01-18T18:42:56","guid":{"rendered":"https:\/\/lafabricationnumerique.fr\/?page_id=721"},"modified":"2023-01-25T09:52:36","modified_gmt":"2023-01-25T08:52:36","slug":"mediane","status":"publish","type":"page","link":"https:\/\/lafabricationnumerique.fr\/index.php\/mediane\/","title":{"rendered":"Mediane"},"content":{"rendered":"\n<p>\u26a0\ufe0f Le contenu p\u00e9dagogique pr\u00e9sent\u00e9 ci-dessous est issu d&rsquo;un cours en ligne en cours de conception. Il reste vraisemblablement des coquilles donc n&rsquo;h\u00e9sitez pas \u00e0 nous les partager (vous \u00eates super)  !<\/p>\n\n\n\n<div style=\"height:51px\" aria-hidden=\"true\" class=\"wp-block-spacer\"><\/div>\n\n\n\n<h2 style=\"padding: 20px; color: #00000; background: #a82184;\" data-darkreader-inline-bgcolor=\"\" data-darkreader-inline-bgimage=\"\"><strong><span style=\"text-transform: uppercase; color: #ffffff;\" data-darkreader-inline-color=\"\">1. Contr\u00f4lez des LEDs !<br><\/span><\/strong><\/h2>\n<table role=\"presentation\">\n<tbody>\n<tr>\n<td style=\"vertical-align: middle; border-right: 0.5px solid #cecbca; border-left: 0px; border-bottom: 0px; border-top: 0px; width: 65px;\" data-darkreader-inline-border-right=\"\" data-darkreader-inline-border-left=\"\" data-darkreader-inline-border-bottom=\"\" data-darkreader-inline-border-top=\"\"><img loading=\"lazy\" decoding=\"async\" src=\"https:\/\/lms.fun-mooc.fr\/asset-v1:MinesTelecom+04048+session01+type@asset+block\/Picto_objectif.png\" alt=\"Picto\" type=\"saveimage\" target=\"[object Object]\" width=\"50\" height=\"50\"><\/td>\n<td style=\"border: none;\" data-darkreader-inline-border-top=\"\" data-darkreader-inline-border-right=\"\" data-darkreader-inline-border-bottom=\"\" data-darkreader-inline-border-left=\"\">\n<p style=\"text-align: justify;\"><strong>Objectifs&nbsp;:<\/strong><\/p>\n<p style=\"text-align: justify;\">\u00c0 la fin de la sous-section, l&rsquo;apprenant\u00b7e sera capable de :<\/p>\n<ul>\n<li>Donner des ordres simples \u00e0 un ordinateur en utilisant une interface de d\u00e9veloppement<\/li>\n<li>Utiliser une librairie logicielle pour utiliser un actionneur simple : la LED<\/li>\n<\/ul>\n<\/td>\n<\/tr>\n<\/tbody>\n<\/table>\n<div id=\"gtx-trans\" style=\"position: absolute; left: 591px; top: 78.2396px;\">\n<div class=\"gtx-trans-icon\"><br><br><\/div>\n<\/div>\n<p><\/p>\n\n\n\n<h2>Activit\u00e9 : Le passage \u00e0 niveau 1<\/h2>\n<table role=\"presentation\">\n<tbody>\n<tr>\n<td style=\"vertical-align: top; border-right: 0.5px solid #cecbca; border-left: 0px; border-bottom: 0px; border-top: 0px; width: 65px;\" data-darkreader-inline-border-right=\"\" data-darkreader-inline-border-left=\"\" data-darkreader-inline-border-bottom=\"\" data-darkreader-inline-border-top=\"\"><img loading=\"lazy\" decoding=\"async\" src=\"https:\/\/lms.fun-mooc.fr\/asset-v1:MinesTelecom+04048+session01+type@asset+block\/Picto_evaluation.png\" alt=\"pictogramme\" width=\"46\" height=\"46\"><\/td>\n<td style=\"border: none;\" data-darkreader-inline-border-top=\"\" data-darkreader-inline-border-right=\"\" data-darkreader-inline-border-bottom=\"\" data-darkreader-inline-border-left=\"\">\n<p style=\"text-align: justify;\"><strong>Niveau de difficult\u00e9 : <\/strong>\u2606 (facile)<strong><br><\/strong><\/p>\n<\/td>\n<\/tr>\n<\/tbody>\n<\/table>\n<p><\/p>\n<h3>Contexte<\/h3>\n<p>Baptiste souhaite r\u00e9aliser un passage \u00e0 niveau pour le train en bois de sa fille. Il d\u00e9coupe d&rsquo;abord un support en bois pour ce passage \u00e0 niveau avec une d\u00e9coupeuse laser et installe une LED rouge qu&rsquo;il souhaite voir s&rsquo;allumer pendant 3 secondes lors du d\u00e9marrage puis clignoter toutes les 500 millisecondes apr\u00e8s .<\/p>\n<p><img decoding=\"async\" src=\"https:\/\/lms.fun-mooc.fr\/asset-v1:MinesTelecom+04048+session01+type@asset+block\/Activite__1.2.1_-_Passage_a__niveau.jpeg\" alt=\"Contexte activit\u00e9 1.2.1 - Passage \u00e0 niveau\" type=\"saveimage\" target=\"[object Object]\" style=\"border: 5px solid #a82184; border-radius: 50px; border-width: 5px; height:300px;\" data-darkreader-inline-border-top=\"\" data-darkreader-inline-border-right=\"\" data-darkreader-inline-border-bottom=\"\" data-darkreader-inline-border-left=\"\" height=\"300\"><\/p>\n<h3>Consignes<\/h3>\n<p>\u00c0 partir des concepts abord\u00e9s par Laurent en d\u00e9but d&rsquo;atelier, \u00e9crivez un programme avec l&rsquo;interface Vittascience ci-dessous permettant d&rsquo;allumer une LED rouge branch\u00e9e sur la broche&nbsp; <code>D2<\/code> de carte programmable pendant 3 secondes. Une fois les 3 secondes \u00e9coul\u00e9es, faites clignoter cette LED toutes les secondes (1 seconde \u00e9teinte puis 1 seconde allum\u00e9e) et cela ind\u00e9finiment !<\/p>\n<p><\/p><details open=\"\"> <summary><strong style=\"padding: 10px; color: #fff; background: #a82184;\" data-darkreader-inline-color=\"\" data-darkreader-inline-bgcolor=\"\" data-darkreader-inline-bgimage=\"\"><span class=\"icon fa fa-search\" aria-hidden=\"true\"><\/span> Indices<\/strong><\/summary><ol>\n<li>Pour r\u00e9p\u00e9ter le clignotement ind\u00e9finiment, vous aurez besoin de la boucle&nbsp;<a href=\"https:\/\/imt-atlantique.github.io\/micropython_doc\/micropython.md\" target=\"_blank\" rel=\"noopener\">R\u00e9p\u00e9ter ind\u00e9finiment<\/a> d\u00e9j\u00e0 pr\u00e9sente dans la structure simple d&rsquo;un programme MicroPython.<\/li>\n<\/ol><\/details>\n\n\n\n<p><iframe loading=\"lazy\" title=\"Interface de d\u00e9veloppement Vittascience\" src=\"https:\/\/fr.vittascience.com\/esp32\/?link=635811f2d8d18&amp;mode=blocks&amp;console=bottom&amp;toolbox=scratch&amp;board=basic-esp32&amp;embed=1\" marginwidth=\"0\" marginheight=\"0\" scrolling=\"no\" width=\"100%\" height=\"800\" frameborder=\"0\">\nVotre navigateur ne supporte pas les iFrames.<\/iframe> <a href=\"https:\/\/fr.vittascience.com\/esp32\/?link=635811f2d8d18&amp;mode=blocks&amp;console=bottom&amp;toolbox=scratch&amp;board=basic-esp32&amp;embed=1\"><i class=\"fas fa-external-link-alt\"><\/i> Ouvrir l&rsquo;interface Vittascience dans un nouvel onglet<\/a><\/p>\n\n\n\n<h2>Activit&eacute; : Le feu de circulation<\/h2>\n<table role=\"presentation\">\n<tbody>\n<tr>\n<td style=\"vertical-align: top; border-right: 0.5px solid #cecbca; border-left: 0px; border-bottom: 0px; border-top: 0px; width: 65px;\" data-darkreader-inline-border-right=\"\" data-darkreader-inline-border-left=\"\" data-darkreader-inline-border-bottom=\"\" data-darkreader-inline-border-top=\"\"><img loading=\"lazy\" decoding=\"async\" src=\"https:\/\/lms.fun-mooc.fr\/asset-v1:MinesTelecom+04048+session01+type@asset+block\/Picto_evaluation.pngg\" alt=\"pictogramme\" width=\"46\" height=\"46\" \/><\/td>\n<td style=\"border: none;\" data-darkreader-inline-border-top=\"\" data-darkreader-inline-border-right=\"\" data-darkreader-inline-border-bottom=\"\" data-darkreader-inline-border-left=\"\">\n<p style=\"text-align: justify;\"><strong>Niveau de difficult&eacute; : <\/strong>\u2606\u2606 (moyen)<strong><br \/><\/strong><\/p>\n<\/td>\n<\/tr>\n<\/tbody>\n<\/table>\n<p><\/p>\n<h3>Contexte<\/h3>\n<p>Ingrid souhaite r&eacute;aliser un feu tricolore pour les voitures en bois de sa fille. Elle d&eacute;coupe d&rsquo;abord un support en bois pour ce feu tricolore avec une d&eacute;coupeuse laser et installe trois LEDs (une verte, une orange, une rouge) qu&rsquo;elle souhaite voir s&rsquo;allumer puis s&rsquo;&eacute;teindre comme un vrai feu de circulation.<\/p>\n<p><img decoding=\"async\" src=\"\/static\/a_virer.jpeg\" alt=\"Contexte activit&eacute; 1.2.1 - Passage &agrave; niveau\" type=\"saveimage\" target=\"[object Object]\" style=\"border: 5px solid #a82184; border-radius: 50px; border-width: 5px;\" data-darkreader-inline-border-top=\"\" data-darkreader-inline-border-right=\"\" data-darkreader-inline-border-bottom=\"\" data-darkreader-inline-border-left=\"\" height=\"300\" \/><\/p>\n<h3>Consignes<\/h3>\n<p>\u00c0 partir des concepts abord\u00e9s par Laurent en d\u00e9but d&rsquo;atelier, &eacute;crivez un programme avec l&rsquo;interface Vittascience ci-dessous permettant d&rsquo;allumer les trois LEDs comme suit :<\/p>\n<ul>\n<li>Une LED verte branch&eacute;e sur la broche&nbsp; <code>D2<\/code> de la carte programmable doit s&rsquo;allumer pendant 3 secondes puis s&rsquo;&eacute;teindre.<\/li>\n<li>Une LED orange branch&eacute;e sur la broche&nbsp; <code>D3<\/code> de la carte programmable doit s&rsquo;allumer pendant 1 seconde puis s&rsquo;&eacute;teindre.<\/li>\n<li>Une LED orange branch&eacute;e sur la broche&nbsp; <code>D4<\/code> de la carte programmable doit s&rsquo;allumer pendant 3 secondes puis s&rsquo;&eacute;teindre.<\/li>\n<\/ul>\n<p>Cette s&eacute;quence devra &ecirc;tre ex&eacute;cut&eacute;e ind&eacute;finiment !<\/p>\n<p><details open=\"\"> <summary><strong style=\"padding: 10px; color: #fff; background: #a82184;\" data-darkreader-inline-color=\"\" data-darkreader-inline-bgcolor=\"\" data-darkreader-inline-bgimage=\"\"><span class=\"icon fa fa-search\" aria-hidden=\"true\"><\/span> Indices<\/strong><\/summary><ol>\n<li>Pour r&eacute;p&eacute;ter le clignotement ind&eacute;finiment, vous aurez besoin de la boucle&nbsp;<a href=\"https:\/\/imt-atlantique.github.io\/micropython_doc\/micropython.md\" target=\"_blank\" rel=\"noopener\">R&eacute;p&eacute;ter ind&eacute;finiment<\/a> d&eacute;j&agrave; pr&eacute;sente dans la structure simple d&rsquo;un programme MicroPython.<\/li>\n<\/ol><\/details><\/p>\n\n\n\n<p><iframe loading=\"lazy\" title=\"Interface de d\u00e9veloppement Vittascience\" src=\"https:\/\/fr.vittascience.com\/esp32\/?link=635bef223fdf6&amp;mode=blocks&amp;console=bottom&amp;toolbox=scratch&amp;board=basic-esp32&amp;embed=1\" marginwidth=\"0\" marginheight=\"0\" scrolling=\"no\" width=\"100%\" height=\"800\" frameborder=\"0\">\nVotre nagigateur ne supporte pas les iFrames.<\/iframe> <a href=\"https:\/\/fr.vittascience.com\/esp32\/?link=635811f2d8d18&amp;mode=blocks&amp;console=bottom&amp;toolbox=scratch&amp;board=basic-esp32&amp;embed=1\"><i class=\"fas fa-external-link-alt\"><\/i> Ouvrir l&rsquo;interface Vittascience dans un nouvel onglet<\/a><\/p>\n\n\n\n<h2 style=\"padding: 20px; color: #00000; background: #a82184;\" data-darkreader-inline-bgcolor=\"\" data-darkreader-inline-bgimage=\"\"><strong><span style=\"text-transform: uppercase; color: #ffffff;\" data-darkreader-inline-color=\"\">2. Des boucles, des boucles, des boucles&#8230;<br><\/span><\/strong><\/h2>\n<table role=\"presentation\">\n<tbody>\n<tr>\n<td style=\"vertical-align: middle; border-right: 0.5px solid #cecbca; border-left: 0px; border-bottom: 0px; border-top: 0px; width: 65px;\" data-darkreader-inline-border-right=\"\" data-darkreader-inline-border-left=\"\" data-darkreader-inline-border-bottom=\"\" data-darkreader-inline-border-top=\"\"><img loading=\"lazy\" decoding=\"async\" src=\"https:\/\/lms.fun-mooc.fr\/asset-v1:MinesTelecom+04048+session01+type@asset+block\/Picto_objectif.png\" alt=\"Picto\" type=\"saveimage\" target=\"[object Object]\" width=\"50\" height=\"50\"><\/td>\n<td style=\"border: none;\" data-darkreader-inline-border-top=\"\" data-darkreader-inline-border-right=\"\" data-darkreader-inline-border-bottom=\"\" data-darkreader-inline-border-left=\"\">\n<p style=\"text-align: justify;\"><strong>Objectifs&nbsp;:<\/strong><\/p>\n<p style=\"text-align: justify;\">\u00c0 la fin de la sous-section, l&rsquo;apprenant sera capable de :<\/p>\n<ul>\n<li>Donner des ordres simples \u00e0 un ordinateur en utilisant une interface de d\u00e9veloppement<\/li>\n<li>Utiliser une instruction conditionnelle pour utiliser un capteur simple : le bouton poussoir<\/li>\n<li>Utiliser des boucles pour utiliser des actionneurs simples : la LED et le servomoteur<\/li>\n<\/ul>\n<\/td>\n<\/tr>\n<\/tbody>\n<\/table>\n<div id=\"gtx-trans\" style=\"position: absolute; left: 591px; top: 78.2396px;\">\n<div class=\"gtx-trans-icon\"><\/div>\n<\/div>\n<p><\/p>\n\n\n\n<h2>Contenu : Des boucles, Des boucles, Des boucles, DES B&#8230; (ok j&rsquo;arr\u00eate)<\/h2>\n<table role=\"presentation\">\n<tbody>\n<tr>\n<td style=\"vertical-align: top; border-right: 0.5px solid #cecbca; border-left: 0px; border-bottom: 0px; border-top: 0px; width: 65px;\" data-darkreader-inline-border-right=\"\" data-darkreader-inline-border-left=\"\" data-darkreader-inline-border-bottom=\"\" data-darkreader-inline-border-top=\"\"><img decoding=\"async\" src=\"https:\/\/lms.fun-mooc.fr\/asset-v1:MinesTelecom+04048+session01+type@asset+block\/Picto_complement.png\" alt=\"Pictogramme\" type=\"saveimage\" target=\"[object Object]\" height=\"46\"><\/td>\n<td style=\"border: none;\" data-darkreader-inline-border-top=\"\" data-darkreader-inline-border-right=\"\" data-darkreader-inline-border-bottom=\"\" data-darkreader-inline-border-left=\"\">\n<p><iframe loading=\"lazy\" title=\"Interface de d\u00e9veloppement Vittascience\" src=\"https:\/\/imt-atlantique.github.io\/micropython_doc\/boucles\/boucle_avec_variable\/?embed=1\" marginwidth=\"0\" marginheight=\"0\" scrolling=\"no\" width=\"100%\" height=\"800\" frameborder=\"0\">\nVotre navigateur ne supporte pas les iFrames.<\/iframe> <a href=\"https:\/\/imt-atlantique.github.io\/micropython_doc\/boucles\/boucle_avec_variable\/?embed=1\" target=\"_blank\" rel=\"noopener\"><span class=\"icon fa fa-external-link\" aria-hidden=\"true\"><\/span> Ouvrir la documentation dans un nouvel onglet<\/a><\/p>\n<\/td>\n<\/tr>\n<\/tbody>\n<\/table>\n<p><\/p>\n<h3>Contexte<\/h3>\n<p>Victor souhaite faire varier l&rsquo;intensit\u00e9 lumineuse d&rsquo;une LED rouge branch\u00e9e sur la broche <code>D2<\/code> de la carte programmable pour passer d&rsquo;une LED \u00e9teinte, soit une luminosit\u00e9 de 0% \u00e0 la luminosit\u00e9 maximale de 100% en trois secondes.<\/p>\n<p><\/p>\n\n\n\n<p><iframe loading=\"lazy\" title=\"Interface de d\u00e9veloppement Vittascience\" src=\"https:\/\/fr.vittascience.com\/esp32\/?link=63c952fc9ad44&amp;mode=blocks&amp;console=bottom&amp;toolbox=scratch&amp;board=basic-esp32&amp;embed=1\" marginwidth=\"0\" marginheight=\"0\" scrolling=\"no\" width=\"100%\" height=\"800\" frameborder=\"0\">\nVotre nagigateur ne supporte pas les iFrames.<\/iframe> <a href=\"https:\/\/fr.vittascience.com\/esp32\/?link=63c952fc9ad44&amp;mode=blocks&amp;console=bottom&amp;toolbox=scratch&amp;board=basic-esp32&amp;embed=1\"><span class=\"icon fa fa-external-link\" aria-hidden=\"true\"><\/span> Ouvrir l&rsquo;interface Vittascience dans un nouvel onglet<\/a><\/p>\n\n\n\n<h2>Activit&eacute; : Le passage &agrave; niveau 2<\/h2>\n<table role=\"presentation\">\n<tbody>\n<tr>\n<td style=\"vertical-align: top; border-right: 0.5px solid #cecbca; border-left: 0px; border-bottom: 0px; border-top: 0px; width: 65px;\" data-darkreader-inline-border-right=\"\" data-darkreader-inline-border-left=\"\" data-darkreader-inline-border-bottom=\"\" data-darkreader-inline-border-top=\"\"><img loading=\"lazy\" decoding=\"async\" src=\"https:\/\/lms.fun-mooc.fr\/asset-v1:MinesTelecom+04048+session01+type@asset+block\/Picto_evaluation.png\" alt=\"pictogramme\" width=\"46\" height=\"46\" \/><\/td>\n<td style=\"border: none;\" data-darkreader-inline-border-top=\"\" data-darkreader-inline-border-right=\"\" data-darkreader-inline-border-bottom=\"\" data-darkreader-inline-border-left=\"\">\n<p style=\"text-align: justify;\"><strong>Niveau de difficult&eacute; : <\/strong>\u2606 (facile)<strong><br \/><\/strong><\/p>\n<\/td>\n<\/tr>\n<\/tbody>\n<\/table>\n<p><\/p>\n<h3>Contexte<\/h3>\n<p>Baptiste souhaite am&eacute;liorer le passage &agrave; niveau vu pr&eacute;c&eacute;demment. Il souhaite d&eacute;sormais que la LED rouge s&rsquo;allume puis s&rsquo;&eacute;teigne progressivement lorsqu&rsquo;on appuie sur un bouton poussoir branch\u00e9 sur la carte programmable.<\/p>\n<p><img decoding=\"async\" src=\"\/static\/Activite__1.2.1_-_Passage_a__niveau.jpeg\" alt=\"Contexte activit&eacute; 1.2.1 - Passage &agrave; niveau\" type=\"saveimage\" target=\"[object Object]\" style=\"border: 5px solid #a82184; border-radius: 50px; border-width: 5px;\" data-darkreader-inline-border-top=\"\" data-darkreader-inline-border-right=\"\" data-darkreader-inline-border-bottom=\"\" data-darkreader-inline-border-left=\"\" height=\"300\" \/><\/p>\n<h3>Consignes<\/h3>\n<p>&Agrave; partir des concepts abord&eacute;s pr\u00e9c\u00e9demment, &eacute;crivez un programme avec l&rsquo;interface Vittascience ci-dessous permettant de faire clignoter une LED en faisant varier sa luminosit&eacute; de 0% &agrave; 100% (cela devra durer 500 millisecondes) puis de 100% &agrave; 0% (l&agrave; encore en 500ms). Ce clignotement devra &ecirc;tre ex&eacute;cut&eacute; ind&eacute;finiment ! La LED est branch&eacute;e sur la broche <code>D2<\/code> de la carte programmable.<\/p>\n<p><details open=\"\"> <summary><strong style=\"padding: 10px; color: #fff; background: #a82184;\" data-darkreader-inline-color=\"\" data-darkreader-inline-bgcolor=\"\" data-darkreader-inline-bgimage=\"\"><span class=\"icon fa fa-search\" aria-hidden=\"true\"><\/span> Indices<\/strong><\/summary><ol><ol>\n<li>Pour r&eacute;p&eacute;ter le clignotement ind&eacute;finiment, vous aurez besoin de la boucle&nbsp;<a href=\"https:\/\/imt-atlantique.github.io\/micropython_doc\/micropython.md\" target=\"_blank\" rel=\"noopener\">R&eacute;p&eacute;ter ind&eacute;finiment<\/a> d&eacute;j&agrave; pr&eacute;sente dans la structure simple d&rsquo;un programme MicroPython.<\/li>\n<li>Pour faire varier la luminosit&eacute; vous aurez besoin de contr&ocirc;ler la luminosit&eacute; d&rsquo;une LED et de deux boucles avec variable.<\/li>\n<\/ol><\/ol><\/details><\/p>\n\n\n\n<p><iframe loading=\"lazy\" title=\"Interface de d\u00e9veloppement Vittascience\" src=\"https:\/\/fr.vittascience.com\/esp32\/?link=6364eec13cd3e&amp;mode=blocks&amp;console=bottom&amp;toolbox=scratch&amp;board=basic-esp32&amp;embed=1\" marginwidth=\"0\" marginheight=\"0\" scrolling=\"no\" width=\"100%\" height=\"800\" frameborder=\"0\">\nVotre navigateur ne supporte pas les iFrames.<\/iframe> <a href=\"https:\/\/fr.vittascience.com\/esp32\/?link=6364eec13cd3e&amp;mode=blocks&amp;console=bottom&amp;toolbox=scratch&amp;board=basic-esp32&amp;embed=1\"><i class=\"fas fa-external-link-alt\"><\/i> Ouvrir l&rsquo;interface Vittascience dans un nouvel onglet<\/a><\/p>\n<p><\/p>\n\n\n\n<h2 style=\"padding: 20px; color: #00000; background: #a82184;\" data-darkreader-inline-bgcolor=\"\" data-darkreader-inline-bgimage=\"\"><strong><span style=\"text-transform: uppercase; color: #ffffff;\" data-darkreader-inline-color=\"\">3. Fabriquez !<br><\/span><\/strong><\/h2>\n\n\n\n<h3 class=\"wp-block-heading\">Consignes<\/h3>\n\n\n\n<p>\u00c0 partir des concepts abord\u00e9s par Laurent en d\u00e9but d\u2019atelier, vous devez (en groupe) :<\/p>\n\n\n\n<ul class=\"wp-block-list\">\n<li>Fabriquez en vrai l&rsquo;un des \u00e9l\u00e9ments du circuit de train pr\u00e9sent\u00e9 ci-dessus<\/li>\n\n\n\n<li>Programmer la carte<\/li>\n\n\n\n<li>R\u00e9aliser les branchements<\/li>\n\n\n\n<li>Montrer votre travail \u00e0 la foule en d\u00e9lire<\/li>\n\n\n\n<li>Prendre une pause bien m\u00e9rit\u00e9e (sauf si vous voulez inventer un nouvel \u00e9l\u00e9ment de circuit de train)<\/li>\n<\/ul>\n\n\n\n<h2 class=\"wp-block-heading\">Support de l&rsquo;atelier<\/h2>\n\n\n\n<div data-wp-interactive=\"core\/file\" class=\"wp-block-file\"><object data-wp-bind--hidden=\"!state.hasPdfPreview\" hidden class=\"wp-block-file__embed\" data=\"https:\/\/lafabricationnumerique.fr\/wp-content\/uploads\/2023\/01\/REXPLAY-MEDIANE-2023.pdf\" type=\"application\/pdf\" style=\"width:100%;height:600px\" aria-label=\"Contenu embarqu\u00e9 REXPLAY-MEDIANE-2023.\"><\/object><a id=\"wp-block-file--media-8c602d5a-4096-4cbb-9819-3d7412d6a85b\" href=\"https:\/\/lafabricationnumerique.fr\/wp-content\/uploads\/2023\/01\/REXPLAY-MEDIANE-2023.pdf\">REXPLAY-MEDIANE-2023<\/a><a href=\"https:\/\/lafabricationnumerique.fr\/wp-content\/uploads\/2023\/01\/REXPLAY-MEDIANE-2023.pdf\" class=\"wp-block-file__button wp-element-button\" download aria-describedby=\"wp-block-file--media-8c602d5a-4096-4cbb-9819-3d7412d6a85b\">T\u00e9l\u00e9charger<\/a><\/div>\n\n\n\n<div id=\"wp-block-themeisle-blocks-font-awesome-icons-b0adf410\" class=\"wp-block-themeisle-blocks-font-awesome-icons\"><span class=\"wp-block-themeisle-blocks-font-awesome-icons-container\"><i class=\"fas fa-external-link-alt\"><\/i><\/span><\/div>\n","protected":false},"excerpt":{"rendered":"<p>\u26a0\ufe0f Le contenu p\u00e9dagogique pr\u00e9sent\u00e9 ci-dessous est issu d&rsquo;un cours en ligne en cours de conception. Il reste vraisemblablement des coquilles donc n&rsquo;h\u00e9sitez pas \u00e0 nous les partager (vous \u00eates super) ! 1. Contr\u00f4lez des LEDs ! Objectifs&nbsp;: \u00c0 la fin de la sous-section, l&rsquo;apprenant\u00b7e sera capable de : Donner des ordres simples \u00e0 un&hellip;&nbsp;<a href=\"https:\/\/lafabricationnumerique.fr\/index.php\/mediane\/\" rel=\"bookmark\">Lire la suite &raquo;<span class=\"screen-reader-text\">Mediane<\/span><\/a><\/p>\n","protected":false},"author":1,"featured_media":0,"parent":0,"menu_order":0,"comment_status":"closed","ping_status":"closed","template":"","meta":{"neve_meta_sidebar":"full-width","neve_meta_container":"","neve_meta_enable_content_width":"on","neve_meta_content_width":100,"neve_meta_title_alignment":"","neve_meta_author_avatar":"","neve_post_elements_order":"","neve_meta_disable_header":"","neve_meta_disable_footer":"","neve_meta_disable_title":"","_themeisle_gutenberg_block_has_review":false,"footnotes":""},"class_list":["post-721","page","type-page","status-publish","hentry"],"_links":{"self":[{"href":"https:\/\/lafabricationnumerique.fr\/index.php\/wp-json\/wp\/v2\/pages\/721","targetHints":{"allow":["GET"]}}],"collection":[{"href":"https:\/\/lafabricationnumerique.fr\/index.php\/wp-json\/wp\/v2\/pages"}],"about":[{"href":"https:\/\/lafabricationnumerique.fr\/index.php\/wp-json\/wp\/v2\/types\/page"}],"author":[{"embeddable":true,"href":"https:\/\/lafabricationnumerique.fr\/index.php\/wp-json\/wp\/v2\/users\/1"}],"replies":[{"embeddable":true,"href":"https:\/\/lafabricationnumerique.fr\/index.php\/wp-json\/wp\/v2\/comments?post=721"}],"version-history":[{"count":34,"href":"https:\/\/lafabricationnumerique.fr\/index.php\/wp-json\/wp\/v2\/pages\/721\/revisions"}],"predecessor-version":[{"id":785,"href":"https:\/\/lafabricationnumerique.fr\/index.php\/wp-json\/wp\/v2\/pages\/721\/revisions\/785"}],"wp:attachment":[{"href":"https:\/\/lafabricationnumerique.fr\/index.php\/wp-json\/wp\/v2\/media?parent=721"}],"curies":[{"name":"wp","href":"https:\/\/api.w.org\/{rel}","templated":true}]}}